{"id":20,"date":"2024-11-25T09:33:05","date_gmt":"2024-11-25T08:33:05","guid":{"rendered":"http:\/\/new.elotron.de\/?page_id=20"},"modified":"2026-03-16T09:23:08","modified_gmt":"2026-03-16T08:23:08","slug":"impressum","status":"publish","type":"page","link":"https:\/\/elotron.de\/index.php\/impressum\/","title":{"rendered":"Impressum"},"content":{"rendered":"\n<p>Internetangebot der Firma:<br>ELOTRON GmbH<br>Marieneher Stra\u00dfe 10<br>18069 Rostock<\/p>\n\n\n\n<p>Telefon: 0381 800 22 10\/09<br>email: elektro@elotron.de<\/p>\n\n\n\n<p>Umsatzsteuer \u2013 ID- Nr.: DE137376247<br>Gesch\u00e4ftsf\u00fchrer: Marius Wirth<br>Reg. Gericht HRO Nr. B2291<\/p>\n\n\n\n<p>Erstellung und Gestaltung:<br>Arne Nerge, Frank Maertin<\/p>\n\n\n\n<p>Fotos mit frdl. Genehmigung der Firma Gira, Giersiepen GmbH &amp; Co. KG, Elektro-Installations-Systeme &amp; Herrn Frank Reinagl<\/p>\n\n\n\n<p>Inhalt und Struktur der Internetseiten sind urheberrechtlich gesch\u00fctzt.<br>Eine Wiedergabe zum privaten Gebrauch ist zul\u00e4ssig. Jede dar\u00fcber hinausgehende Nutzung bedarf der ausdr\u00fccklichen vorherigen Genehmigung durch die Firma ELOTRON GmbH.<\/p>\n\n\n\n<p>Urheberrecht<br>Alle bei www.elotron.de erschienenen Beitr\u00e4ge sind urheberrechtlich gesch\u00fctzt.<br>Reproduktion gleich welcher Art, \u00dcbersetzung, Nachdruck, Erfassung und Vervielf\u00e4ltigung in Datenverarbeitungsanlagen sind nur mit schriftlicher Genehmigung der Firma Elotron GmbH erlaubt.<br>Ver\u00f6ffentlichung S\u00e4mtliche Ver\u00f6ffentlichungen bei www.Elotron.de erfolgen ohne Ber\u00fccksichtigung eines eventuellen Patentschutzes. Warennamen werden lediglich zu Informationszwecken benutzt, ohne Gew\u00e4hrleistung einer freien Verwendung.<\/p>\n\n\n\n<p>Haftungsausschluss<\/p>\n\n\n\n<p>Inhalt des Onlineangebotes<br>Der Autor \u00fcbernimmt keinerlei Gew\u00e4hr f\u00fcr die Aktualit\u00e4t, Korrektheit, Vollst\u00e4ndigkeit oder Qualit\u00e4t der bereitgestellten Informationen. Haftungsanspr\u00fcche gegen den Autor, welche sich auf Sch\u00e4den materieller oder ideeller Art beziehen, die durch die Nutzung oder Nichtnutzung der dargebotenen Informationen bzw. durch die Nutzung fehlerhafter und unvollst\u00e4ndiger Informationen verursacht wurden, sind grunds\u00e4tzlich ausgeschlossen, sofern seitens des Autors kein nachweislich vors\u00e4tzliches oder grob fahrl\u00e4ssiges Verschulden vorliegt. Alle Angebote sind freibleibend und unverbindlich. Der Autor beh\u00e4lt es sich ausdr\u00fccklich vor, Teile der Seiten oder das gesamte Angebot ohne gesonderte Ank\u00fcndigung zu ver\u00e4ndern, zu erg\u00e4nzen, zu l\u00f6schen oder die Ver\u00f6ffentlichung zeitweise oder endg\u00fcltig einzustellen.<\/p>\n\n\n\n<p>Verweise und Links<br>Bei direkten oder indirekten Verweisen auf fremde Internetseiten (\u201dLinks\u201d), die au\u00dferhalb des Verantwortungsbereiches des Autors liegen, w\u00fcrde eine Haftungsverpflichtung ausschlie\u00dflich in dem Fall in Kraft treten, in dem der Autor von den Inhalten Kenntnis hat und es ihm technisch m\u00f6glich und zumutbar w\u00e4re, die Nutzung im Falle rechtswidriger Inhalte zu verhindern.Der Autor erkl\u00e4rt daher ausdr\u00fccklich, dass zum Zeitpunkt der Linksetzung die entsprechenden verlinkten Seiten frei von illegalen Inhalten waren.<br>Der Autor hat keinerlei Einfluss auf die aktuelle und zuk\u00fcnftige Gestaltung und auf die Inhalte der verlinkten Seiten. Deshalb distanziert er sich hiermit ausdr\u00fccklich von allen Inhalten aller verlinkten Seiten, die nach der Linksetzung ver\u00e4ndert wurden. Diese Feststellung gilt f\u00fcr alle innerhalb des eigenen Internetangebotes gesetzten Links und Verweise sowie f\u00fcr Fremdeintr\u00e4ge in vom Autor eingerichteten G\u00e4steb\u00fcchern, Diskussionsforen und Mailinglisten.<\/p>\n\n\n\n<p>F\u00fcr illegale, fehlerhafte oder unvollst\u00e4ndige Inhalte und ins- besondere f\u00fcr Sch\u00e4den, die aus der Nutzung oder Nichtnutzung solcherart dargebotener Informationen entstehen, haftet allein der Anbieter der Seite, auf welche verwiesen wurde, nicht derjenige, der \u00fcber Links auf die jeweilige Ver\u00f6ffentlichung lediglich verweist.<\/p>\n\n\n\n<p>Urheber- und Kennzeichenrecht<br>Der Autor ist bestrebt, in allen Publikationen die Urheberrechte der verwendeten Grafiken, Tondokumente, Videosequenzen und Texte zu beachten, von ihm selbst erstellte Grafiken, Tondokumente, Videosequenzen und Texte zu nutzen oder auf lizenzfreie Grafiken, Tondokumente, Videosequenzen und Texte zur\u00fcckzugreifen.<br>Alle innerhalb des Internetangebotes genannten und ggf. durch Drittegesch\u00fctzten Marken- und Warenzeichen unterliegen uneingeschr\u00e4nkt den Bestimmungen des jeweils g\u00fcltigen Kennzeichenrechts und den Besitzrechten der jeweiligen eingetragenen Eigent\u00fcmer.<br>Allein aufgrund der blo\u00dfen Nennung ist nicht der Schluss zu ziehen, dass Markenzeichen nicht durch Rechte Dritter gesch\u00fctzt sind!<br>Das Copyright f\u00fcr ver\u00f6ffentlichte, vom Autor selbst erstellte Objekte bleibt allein beim Autor der Seiten. Eine Vervielf\u00e4ltigung oder Verwendung solcher Grafiken, Tondokumente, Videosequenzen und Texte in anderen elektronischen oder gedruckten Publikationen ist ohne ausdr\u00fcckliche Zustimmung des Autors nicht gestattet.<\/p>\n\n\n\n<p>Datenschutz<br>Sofern innerhalb des Internetangebotes die M\u00f6glichkeit zur Eingabe pers\u00f6nlicher oder gesch\u00e4ftlicher Daten (Emailadressen, Namen, Anschriften) besteht, so erfolgt die Preisgabe dieser Daten seitens des Nutzers auf ausdr\u00fccklich freiwilliger Basis.<br>Die Inanspruchnahme und Bezahlung aller angebotenen Dienste ist &#8211; soweit technisch m\u00f6glich und zumutbar &#8211; auch ohne Angabe solcher Daten bzw. unter Angabe anonymisierter Daten oder eines Pseudonyms gestattet.<\/p>\n\n\n\n<p>Rechtswirksamkeit dieses Haftungsausschlusses<br>Dieser Haftungsausschluss ist als Teil des Internetangebotes zu betrachten, von dem aus auf diese Seite verwiesen wurde. Sofern Teile oder einzelne Formulierungen dieses Textes der geltenden Rechtslage nicht, nicht mehr oder nicht vollst\u00e4ndig entsprechen sollten, bleiben die \u00fcbrigen Teile des Dokumentes in ihrem Inhalt und ihrer G\u00fcltigkeit davon unber\u00fchrt.<\/p>\n\n\n\n<p>Verbraucherschlichtung<br>Die Elotron GmbH beteiligt sich nicht an Verbraucherschlichtungsverfahren nach dem Verbraucherstreitbeilegungsgesetz. Streitigkeiten \u00fcber den geschlossenen Vertrag und dessen Ausf\u00fchrung k\u00f6nnen vor der Vermittlungsstelle<\/p>\n\n\n\n<p>Handwerkskammer Ostmecklenburg-Vorpommern<br>Schwaaner Landstra\u00dfe 8<br>18055 Rostock<br>Tel.: 0381 4549-0<br>Fax: 0381 4549-139<br>E-Mail: info@hwk-omv.de verhandelt werden.<\/p>\n\n\n\n<p>Die f\u00fcr die Elotron GmbH zust\u00e4ndige Verbraucherschlichtungsstelle ist die<\/p>\n\n\n\n<p>Allgemeine Verbraucherschlichtungsstelle des Zentrums f\u00fcr Schlichtung e.V. Stra\u00dfburger Stra\u00dfe 8,<br>77694 Kehl am Rhein<br>Telefon 07851\/795 79 40<br>Fax 07851\/795 79 41<br>E-Mail: mail@verbraucher-schlichter.de<br>Webseite: www.verbraucher-schlichter.de<\/p>\n\n\n\n<p>Die Elotron GmbH beteiligt sich nicht an Verbraucherschlichtungsverfahren vor der zuvor genannten Verbraucherschlichtungsstelle nach dem Verbraucherstreitbeilegungsgesetz. Streitigkeiten \u00fcber den Vertrag und dessen Ausf\u00fchrung k\u00f6nnen vor der Vermittlungsstelle<\/p>\n\n\n\n<p>Handwerkskammer Ostmecklenburg-Vorpommern<br>Schwaaner Landstra\u00dfe 8<br>18055 Rostock<br>Tel.: 0381 4549-0<br>Fax: 0381 4549-139<br>E-Mail: info@hwk-omv.de verhandelt werden.<\/p>\n","protected":false},"excerpt":{"rendered":"<p>Internetangebot der Firma:ELOTRON GmbHMarieneher Stra\u00dfe 1018069 Rostock Telefon: 0381 800 22 10\/09email: elektro@elotron.de Umsatzsteuer \u2013 ID- Nr.: DE137376247Gesch\u00e4ftsf\u00fchrer: Marius WirthReg. Gericht HRO Nr. B2291 Erstellung und Gestaltung:Arne Nerge, Frank Maertin Fotos mit frdl. Genehmigung der Firma Gira, Giersiepen GmbH &amp; Co. KG, Elektro-Installations-Systeme &amp; Herrn Frank Reinagl Inhalt und Struktur der Internetseiten sind urheberrechtlich gesch\u00fctzt.Eine [&hellip;]<\/p>\n","protected":false},"author":1,"featured_media":0,"parent":0,"menu_order":0,"comment_status":"closed","ping_status":"closed","template":"","meta":{"saved_in_kubio":true,"footnotes":""},"class_list":["post-20","page","type-page","status-publish","hentry"],"kubio_ai_page_context":{"short_desc":"","purpose":"general"},"_links":{"self":[{"href":"https:\/\/elotron.de\/index.php\/wp-json\/wp\/v2\/pages\/20","targetHints":{"allow":["GET"]}}],"collection":[{"href":"https:\/\/elotron.de\/index.php\/wp-json\/wp\/v2\/pages"}],"about":[{"href":"https:\/\/elotron.de\/index.php\/wp-json\/wp\/v2\/types\/page"}],"author":[{"embeddable":true,"href":"https:\/\/elotron.de\/index.php\/wp-json\/wp\/v2\/users\/1"}],"replies":[{"embeddable":true,"href":"https:\/\/elotron.de\/index.php\/wp-json\/wp\/v2\/comments?post=20"}],"version-history":[{"count":6,"href":"https:\/\/elotron.de\/index.php\/wp-json\/wp\/v2\/pages\/20\/revisions"}],"predecessor-version":[{"id":633,"href":"https:\/\/elotron.de\/index.php\/wp-json\/wp\/v2\/pages\/20\/revisions\/633"}],"wp:attachment":[{"href":"https:\/\/elotron.de\/index.php\/wp-json\/wp\/v2\/media?parent=20"}],"curies":[{"name":"wp","href":"https:\/\/api.w.org\/{rel}","templated":true}]}}